{"id":1079,"date":"2022-01-28T13:40:00","date_gmt":"2022-01-28T12:40:00","guid":{"rendered":"https:\/\/www.liberty-germany.com\/impressum\/"},"modified":"2022-12-14T14:55:13","modified_gmt":"2022-12-14T13:55:13","slug":"imprint","status":"publish","type":"page","link":"https:\/\/www.liberty-germany.com\/en\/imprint\/","title":{"rendered":"Imprint"},"content":{"rendered":"<p>[et_pb_section fb_built=&#8221;1&#8243; _builder_version=&#8221;4.8.2&#8243; _module_preset=&#8221;default&#8221; background_color=&#8221;rgba(94,94,94,0.78)&#8221; height=&#8221;100px&#8221; custom_padding=&#8221;||0px||false|false&#8221; global_colors_info=&#8221;{}&#8221;][\/et_pb_section][et_pb_section fb_built=&#8221;1&#8243; admin_label=&#8221;section&#8221; _builder_version=&#8221;3.22&#8243; global_colors_info=&#8221;{}&#8221;][et_pb_row admin_label=&#8221;row&#8221; _builder_version=&#8221;4.8.2&#8243; background_size=&#8221;initial&#8221; background_position=&#8221;top_left&#8221; background_repeat=&#8221;repeat&#8221; width=&#8221;80%&#8221; global_colors_info=&#8221;{}&#8221;][et_pb_column type=&#8221;4_4&#8243; _builder_version=&#8221;3.25&#8243; custom_padding=&#8221;|||&#8221; global_colors_info=&#8221;{}&#8221; custom_padding__hover=&#8221;|||&#8221;][et_pb_text admin_label=&#8221;Text&#8221; _builder_version=&#8221;4.14.8&#8243; header_2_line_height=&#8221;3em&#8221; background_size=&#8221;initial&#8221; background_position=&#8221;top_left&#8221; background_repeat=&#8221;repeat&#8221; custom_margin=&#8221;||80px||false|false&#8221; global_colors_info=&#8221;{}&#8221;]<\/p>\n<h2>Imprint<\/h2>\n<p>Liberty International Deutschland GmbH<br \/>Represented by: Markus Pietrzik<\/p>\n<p>Commercial Register HRB no. 245977<br \/>Registered Offices and Court: Munich, DE-BY<\/p>\n<p>Tax ID No.: DE 264 338 227<\/p>\n<h3>Post address<\/h3>\n<p>Liberty International Deutschland GmbH<br \/>Moosacher Stra\u00dfe 82a<br \/>80809 Munich<br \/>Germany<\/p>\n<p>Phone: +49 (0)179 1208011<br \/>Web: www.liberty-germany.com<br \/>Email: germany@liberty-int.com<\/p>\n<p>Responsible for the content: Markus Pietrzik<br \/>Source information for the images and graphics used:<br \/>shutterstock.com and Liberty International Deutschland GmbH<\/p>\n<h2>Disclaimer<\/h2>\n<h3>Liability for content<\/h3>\n<p>As a service provider, we are responsible for our own content on these pages in accordance with \u00a7 7 para.1 TMG under the general laws. According to \u00a7\u00a7 8 to 10 TMG, however, we are not obligated as a service provider to monitor transmitted or stored third-party information or to investigate circumstances that indicate illegal activity. Obligations to remove or block the use of information under the general laws remain unaffected. However, liability in this regard is only possible from the point in time at which a concrete infringement of the law becomes known. Upon becoming aware of any such infringement, we will remove such content immediately.<\/p>\n<h3>Liability for links<\/h3>\n<p>Our offer contains links to external websites of third parties, on whose contents we have no influence. Therefore, we can also not assume any liability for these external contents. The respective provider or operator of the pages is always responsible for the content of the linked pages. The linked pages were checked for possible legal violations at the time of linking. Illegal contents were not recognizable at the time of linking. However, a permanent control of the contents of the linked pages is not reasonable without concrete evidence of a violation of the law. If we become aware of any infringements, we will remove such links immediately.<\/p>\n<h3>Copyright<\/h3>\n<p>The content and works created by the site operators on these pages are subject to German copyright law. The reproduction, editing, distribution and any kind of exploitation outside the limits of copyright require the written consent of the respective author or creator. Downloads and copies of this site are only permitted for private, non-commercial use. Insofar as the content on this site was not created by the operator, the copyrights of third parties are respected. In particular, third-party content is identified as such. Should you nevertheless become aware of a copyright infringement, please inform us accordingly. If we become aware of any infringements, we will remove such content immediately.<\/p>\n<p>[\/et_pb_text][\/et_pb_column][\/et_pb_row][\/et_pb_section]<\/p>\n","protected":false},"excerpt":{"rendered":"<p>Imprint Liberty International Deutschland GmbHRepresented by: Markus Pietrzik Commercial Register HRB no. 245977Registered Offices and Court: Munich, DE-BY Tax ID No.: DE 264 338 227 Post address Liberty International Deutschland GmbHMoosacher Stra\u00dfe 82a80809 MunichGermany Phone: +49 (0)179 1208011Web: www.liberty-germany.comEmail: germany@liberty-int.com Responsible for the content: Markus PietrzikSource information for the images and graphics used:shutterstock.com and Liberty [&hellip;]<\/p>\n","protected":false},"author":1,"featured_media":0,"parent":0,"menu_order":0,"comment_status":"closed","ping_status":"open","template":"","meta":{"_et_pb_use_builder":"on","_et_pb_old_content":"<!-- wp:heading --><h2>Wer wir sind<\/h2><!-- \/wp:heading --><!-- wp:paragraph --><p><strong class=\"privacy-policy-tutorial\">Textvorschlag: <\/strong>Die Adresse unserer Website ist: https:\/\/www.liberty-germany.com.<\/p><!-- \/wp:paragraph --><!-- wp:heading --><h2>Kommentare<\/h2><!-- \/wp:heading --><!-- wp:paragraph --><p><strong class=\"privacy-policy-tutorial\">Textvorschlag: <\/strong>Wenn Besucher Kommentare auf der Website schreiben, sammeln wir die Daten, die im Kommentar-Formular angezeigt werden, au\u00dferdem die IP-Adresse des Besuchers und den User-Agent-String (damit wird der Browser identifiziert), um die Erkennung von Spam zu unterst\u00fctzen.<\/p><!-- \/wp:paragraph --><!-- wp:paragraph --><p>Aus deiner E-Mail-Adresse kann eine anonymisierte Zeichenfolge erstellt (auch Hash genannt) und dem Gravatar-Dienst \u00fcbergeben werden, um zu pr\u00fcfen, ob du diesen benutzt. Die Datenschutzerkl\u00e4rung des Gravatar-Dienstes findest du hier: https:\/\/automattic.com\/privacy\/. Nachdem dein Kommentar freigegeben wurde, ist dein Profilbild \u00f6ffentlich im Kontext deines Kommentars sichtbar.<\/p><!-- \/wp:paragraph --><!-- wp:heading --><h2>Medien<\/h2><!-- \/wp:heading --><!-- wp:paragraph --><p><strong class=\"privacy-policy-tutorial\">Textvorschlag: <\/strong>Wenn du ein registrierter Benutzer bist und Fotos auf diese Website l\u00e4dst, solltest du vermeiden, Fotos mit einem EXIF-GPS-Standort hochzuladen. Besucher dieser Website k\u00f6nnten Fotos, die auf dieser Website gespeichert sind, herunterladen und deren Standort-Informationen extrahieren.<\/p><!-- \/wp:paragraph --><!-- wp:heading --><h2>Cookies<\/h2><!-- \/wp:heading --><!-- wp:paragraph --><p><strong class=\"privacy-policy-tutorial\">Textvorschlag: <\/strong>Wenn du einen Kommentar auf unserer Website schreibst, kann das eine Einwilligung sein, deinen Namen, E-Mail-Adresse und Website in Cookies zu speichern. Dies ist eine Komfortfunktion, damit du nicht, wenn du einen weiteren Kommentar schreibst, all diese Daten erneut eingeben musst. Diese Cookies werden ein Jahr lang gespeichert.<\/p><!-- \/wp:paragraph --><!-- wp:paragraph --><p>Falls du ein Konto hast und dich auf dieser Website anmeldest, werden wir ein tempor\u00e4res Cookie setzen, um festzustellen, ob dein Browser Cookies akzeptiert. Dieses Cookie enth\u00e4lt keine personenbezogenen Daten und wird verworfen, wenn du deinen Browser schlie\u00dft.<\/p><!-- \/wp:paragraph --><!-- wp:paragraph --><p>Wenn du dich anmeldest, werden wir einige Cookies einrichten, um deine Anmeldeinformationen und Anzeigeoptionen zu speichern. Anmelde-Cookies verfallen nach zwei Tagen und Cookies f\u00fcr die Anzeigeoptionen nach einem Jahr. Falls du bei der Anmeldung \u201eAngemeldet bleiben\u201c ausw\u00e4hlst, wird deine Anmeldung zwei Wochen lang aufrechterhalten. Mit der Abmeldung aus deinem Konto werden die Anmelde-Cookies gel\u00f6scht.<\/p><!-- \/wp:paragraph --><!-- wp:paragraph --><p>Wenn du einen Artikel bearbeitest oder ver\u00f6ffentlichst, wird ein zus\u00e4tzlicher Cookie in deinem Browser gespeichert. Dieser Cookie enth\u00e4lt keine personenbezogenen Daten und verweist nur auf die Beitrags-ID des Artikels, den du gerade bearbeitet hast. Der Cookie verf\u00e4llt nach einem Tag.<\/p><!-- \/wp:paragraph --><!-- wp:heading --><h2>Eingebettete Inhalte von anderen Websites<\/h2><!-- \/wp:heading --><!-- wp:paragraph --><p><strong class=\"privacy-policy-tutorial\">Textvorschlag: <\/strong>Beitr\u00e4ge auf dieser Website k\u00f6nnen eingebettete Inhalte beinhalten (z.\u00a0B. Videos, Bilder, Beitr\u00e4ge etc.). Eingebettete Inhalte von anderen Websites verhalten sich exakt so, als ob der Besucher die andere Website besucht h\u00e4tte.<\/p><!-- \/wp:paragraph --><!-- wp:paragraph --><p>Diese Websites k\u00f6nnen Daten \u00fcber dich sammeln, Cookies benutzen, zus\u00e4tzliche Tracking-Dienste von Dritten einbetten und deine Interaktion mit diesem eingebetteten Inhalt aufzeichnen, inklusive deiner Interaktion mit dem eingebetteten Inhalt, falls du ein Konto hast und auf dieser Website angemeldet bist.<\/p><!-- \/wp:paragraph --><!-- wp:heading --><h2>Mit wem wir deine Daten teilen<\/h2><!-- \/wp:heading --><!-- wp:paragraph --><p><strong class=\"privacy-policy-tutorial\">Textvorschlag: <\/strong>Wenn du eine Zur\u00fccksetzung des Passworts beantragst, wird deine IP-Adresse in der E-Mail zur Zur\u00fccksetzung enthalten sein.<\/p><!-- \/wp:paragraph --><!-- wp:heading --><h2>Wie lange wir deine Daten speichern<\/h2><!-- \/wp:heading --><!-- wp:paragraph --><p><strong class=\"privacy-policy-tutorial\">Textvorschlag: <\/strong>Wenn du einen Kommentar schreibst, wird dieser inklusive Metadaten zeitlich unbegrenzt gespeichert. Auf diese Art k\u00f6nnen wir Folgekommentare automatisch erkennen und freigeben, anstatt sie in einer Moderations-Warteschlange festzuhalten.<\/p><!-- \/wp:paragraph --><!-- wp:paragraph --><p>F\u00fcr Benutzer, die sich auf unserer Website registrieren, speichern wir zus\u00e4tzlich die pers\u00f6nlichen Informationen, die sie in ihren Benutzerprofilen angeben. Alle Benutzer k\u00f6nnen jederzeit ihre pers\u00f6nlichen Informationen einsehen, ver\u00e4ndern oder l\u00f6schen (der Benutzername kann nicht ver\u00e4ndert werden). Administratoren der Website k\u00f6nnen diese Informationen ebenfalls einsehen und ver\u00e4ndern.<\/p><!-- \/wp:paragraph --><!-- wp:heading --><h2>Welche Rechte du an deinen Daten hast<\/h2><!-- \/wp:heading --><!-- wp:paragraph --><p><strong class=\"privacy-policy-tutorial\">Textvorschlag: <\/strong>Wenn du ein Konto auf dieser Website besitzt oder Kommentare geschrieben hast, kannst du einen Export deiner personenbezogenen Daten bei uns anfordern, inklusive aller Daten, die du uns mitgeteilt hast. Dar\u00fcber hinaus kannst du die L\u00f6schung aller personenbezogenen Daten, die wir von dir gespeichert haben, anfordern. Dies umfasst nicht die Daten, die wir aufgrund administrativer, rechtlicher oder sicherheitsrelevanter Notwendigkeiten aufbewahren m\u00fcssen.<\/p><!-- \/wp:paragraph --><!-- wp:heading --><h2>Wohin wir deine Daten senden<\/h2><!-- \/wp:heading --><!-- wp:paragraph --><p><strong class=\"privacy-policy-tutorial\">Textvorschlag: <\/strong>Besucher-Kommentare k\u00f6nnten von einem automatisierten Dienst zur Spam-Erkennung untersucht werden.<\/p><!-- \/wp:paragraph -->","_et_gb_content_width":"","footnotes":""},"class_list":["post-1079","page","type-page","status-publish","hentry"],"yoast_head":"<!-- This site is optimized with the Yoast SEO plugin v27.3 - https:\/\/yoast.com\/product\/yoast-seo-wordpress\/ -->\n<title>Impressum :: Liberty Germany - Destination Management Company<\/title>\n<meta name=\"description\" content=\"Liberty International Deutschland GmbH, Luise-Ullrich-Stra\u00dfe 20, 80636 M\u00fcnchen, Telefon: +49 (0)179 1208011, Email: germany@liberty-int.com\" \/>\n<meta name=\"robots\" content=\"index, follow, max-snippet:-1, max-image-preview:large, max-video-preview:-1\" \/>\n<link rel=\"canonical\" href=\"https:\/\/www.liberty-germany.com\/en\/imprint\/\" \/>\n<meta property=\"og:locale\" content=\"en_US\" \/>\n<meta property=\"og:type\" content=\"article\" \/>\n<meta property=\"og:title\" content=\"Impressum :: Liberty Germany - Destination Management Company\" \/>\n<meta property=\"og:description\" content=\"Liberty International Deutschland GmbH, Luise-Ullrich-Stra\u00dfe 20, 80636 M\u00fcnchen, Telefon: +49 (0)179 1208011, Email: germany@liberty-int.com\" \/>\n<meta property=\"og:url\" content=\"https:\/\/www.liberty-germany.com\/en\/imprint\/\" \/>\n<meta property=\"og:site_name\" content=\"Liberty Germany\" \/>\n<meta property=\"article:modified_time\" content=\"2022-12-14T13:55:13+00:00\" \/>\n<meta name=\"twitter:card\" content=\"summary_large_image\" \/>\n<meta name=\"twitter:label1\" content=\"Est. reading time\" \/>\n\t<meta name=\"twitter:data1\" content=\"3 minutes\" \/>\n<script type=\"application\/ld+json\" class=\"yoast-schema-graph\">{\"@context\":\"https:\\\/\\\/schema.org\",\"@graph\":[{\"@type\":\"WebPage\",\"@id\":\"https:\\\/\\\/www.liberty-germany.com\\\/en\\\/imprint\\\/\",\"url\":\"https:\\\/\\\/www.liberty-germany.com\\\/en\\\/imprint\\\/\",\"name\":\"Impressum :: Liberty Germany - Destination Management Company\",\"isPartOf\":{\"@id\":\"https:\\\/\\\/www.liberty-germany.com\\\/#website\"},\"datePublished\":\"2022-01-28T12:40:00+00:00\",\"dateModified\":\"2022-12-14T13:55:13+00:00\",\"description\":\"Liberty International Deutschland GmbH, Luise-Ullrich-Stra\u00dfe 20, 80636 M\u00fcnchen, Telefon: +49 (0)179 1208011, Email: germany@liberty-int.com\",\"breadcrumb\":{\"@id\":\"https:\\\/\\\/www.liberty-germany.com\\\/en\\\/imprint\\\/#breadcrumb\"},\"inLanguage\":\"en-US\",\"potentialAction\":[{\"@type\":\"ReadAction\",\"target\":[\"https:\\\/\\\/www.liberty-germany.com\\\/en\\\/imprint\\\/\"]}]},{\"@type\":\"BreadcrumbList\",\"@id\":\"https:\\\/\\\/www.liberty-germany.com\\\/en\\\/imprint\\\/#breadcrumb\",\"itemListElement\":[{\"@type\":\"ListItem\",\"position\":1,\"name\":\"Startseite\",\"item\":\"https:\\\/\\\/www.liberty-germany.com\\\/en\\\/\"},{\"@type\":\"ListItem\",\"position\":2,\"name\":\"Imprint\"}]},{\"@type\":\"WebSite\",\"@id\":\"https:\\\/\\\/www.liberty-germany.com\\\/#website\",\"url\":\"https:\\\/\\\/www.liberty-germany.com\\\/\",\"name\":\"Liberty Germany\",\"description\":\"a personal touch worldwide.\",\"potentialAction\":[{\"@type\":\"SearchAction\",\"target\":{\"@type\":\"EntryPoint\",\"urlTemplate\":\"https:\\\/\\\/www.liberty-germany.com\\\/?s={search_term_string}\"},\"query-input\":{\"@type\":\"PropertyValueSpecification\",\"valueRequired\":true,\"valueName\":\"search_term_string\"}}],\"inLanguage\":\"en-US\"}]}<\/script>\n<!-- \/ Yoast SEO plugin. -->","yoast_head_json":{"title":"Impressum :: Liberty Germany - Destination Management Company","description":"Liberty International Deutschland GmbH, Luise-Ullrich-Stra\u00dfe 20, 80636 M\u00fcnchen, Telefon: +49 (0)179 1208011, Email: germany@liberty-int.com","robots":{"index":"index","follow":"follow","max-snippet":"max-snippet:-1","max-image-preview":"max-image-preview:large","max-video-preview":"max-video-preview:-1"},"canonical":"https:\/\/www.liberty-germany.com\/en\/imprint\/","og_locale":"en_US","og_type":"article","og_title":"Impressum :: Liberty Germany - Destination Management Company","og_description":"Liberty International Deutschland GmbH, Luise-Ullrich-Stra\u00dfe 20, 80636 M\u00fcnchen, Telefon: +49 (0)179 1208011, Email: germany@liberty-int.com","og_url":"https:\/\/www.liberty-germany.com\/en\/imprint\/","og_site_name":"Liberty Germany","article_modified_time":"2022-12-14T13:55:13+00:00","twitter_card":"summary_large_image","twitter_misc":{"Est. reading time":"3 minutes"},"schema":{"@context":"https:\/\/schema.org","@graph":[{"@type":"WebPage","@id":"https:\/\/www.liberty-germany.com\/en\/imprint\/","url":"https:\/\/www.liberty-germany.com\/en\/imprint\/","name":"Impressum :: Liberty Germany - Destination Management Company","isPartOf":{"@id":"https:\/\/www.liberty-germany.com\/#website"},"datePublished":"2022-01-28T12:40:00+00:00","dateModified":"2022-12-14T13:55:13+00:00","description":"Liberty International Deutschland GmbH, Luise-Ullrich-Stra\u00dfe 20, 80636 M\u00fcnchen, Telefon: +49 (0)179 1208011, Email: germany@liberty-int.com","breadcrumb":{"@id":"https:\/\/www.liberty-germany.com\/en\/imprint\/#breadcrumb"},"inLanguage":"en-US","potentialAction":[{"@type":"ReadAction","target":["https:\/\/www.liberty-germany.com\/en\/imprint\/"]}]},{"@type":"BreadcrumbList","@id":"https:\/\/www.liberty-germany.com\/en\/imprint\/#breadcrumb","itemListElement":[{"@type":"ListItem","position":1,"name":"Startseite","item":"https:\/\/www.liberty-germany.com\/en\/"},{"@type":"ListItem","position":2,"name":"Imprint"}]},{"@type":"WebSite","@id":"https:\/\/www.liberty-germany.com\/#website","url":"https:\/\/www.liberty-germany.com\/","name":"Liberty Germany","description":"a personal touch worldwide.","potentialAction":[{"@type":"SearchAction","target":{"@type":"EntryPoint","urlTemplate":"https:\/\/www.liberty-germany.com\/?s={search_term_string}"},"query-input":{"@type":"PropertyValueSpecification","valueRequired":true,"valueName":"search_term_string"}}],"inLanguage":"en-US"}]}},"_links":{"self":[{"href":"https:\/\/www.liberty-germany.com\/en\/wp-json\/wp\/v2\/pages\/1079","targetHints":{"allow":["GET"]}}],"collection":[{"href":"https:\/\/www.liberty-germany.com\/en\/wp-json\/wp\/v2\/pages"}],"about":[{"href":"https:\/\/www.liberty-germany.com\/en\/wp-json\/wp\/v2\/types\/page"}],"author":[{"embeddable":true,"href":"https:\/\/www.liberty-germany.com\/en\/wp-json\/wp\/v2\/users\/1"}],"replies":[{"embeddable":true,"href":"https:\/\/www.liberty-germany.com\/en\/wp-json\/wp\/v2\/comments?post=1079"}],"version-history":[{"count":4,"href":"https:\/\/www.liberty-germany.com\/en\/wp-json\/wp\/v2\/pages\/1079\/revisions"}],"predecessor-version":[{"id":1160,"href":"https:\/\/www.liberty-germany.com\/en\/wp-json\/wp\/v2\/pages\/1079\/revisions\/1160"}],"wp:attachment":[{"href":"https:\/\/www.liberty-germany.com\/en\/wp-json\/wp\/v2\/media?parent=1079"}],"curies":[{"name":"wp","href":"https:\/\/api.w.org\/{rel}","templated":true}]}}