{"id":1020,"date":"2022-01-28T10:03:02","date_gmt":"2022-01-28T09:03:02","guid":{"rendered":"https:\/\/www.liberty-germany.com\/leisure\/rundreisen\/"},"modified":"2022-03-18T09:36:45","modified_gmt":"2022-03-18T08:36:45","slug":"tours","status":"publish","type":"page","link":"https:\/\/www.liberty-germany.com\/en\/leisure\/tours\/","title":{"rendered":"Tours"},"content":{"rendered":"<p>[et_pb_section fb_built=&#8221;1&#8243; custom_padding_last_edited=&#8221;on|phone&#8221; _builder_version=&#8221;4.8.2&#8243; _module_preset=&#8221;default&#8221; use_background_color_gradient=&#8221;on&#8221; background_color_gradient_start=&#8221;rgba(0,0,0,0.55)&#8221; background_color_gradient_end=&#8221;rgba(0,0,0,0)&#8221; background_color_gradient_end_position=&#8221;61%&#8221; background_color_gradient_overlays_image=&#8221;on&#8221; background_image=&#8221;https:\/\/www.liberty-germany.com\/wp-content\/uploads\/2022\/02\/rundreisen-header-n.jpg&#8221; height=&#8221;500px&#8221; custom_padding=&#8221;200px||200px||false|false&#8221; custom_padding_tablet=&#8221;&#8221; custom_padding_phone=&#8221;100px||100px||false|false&#8221; animation_style=&#8221;fade&#8221; global_colors_info=&#8221;{}&#8221;][\/et_pb_section][et_pb_section fb_built=&#8221;1&#8243; _builder_version=&#8221;4.8.2&#8243; _module_preset=&#8221;default&#8221; use_background_color_gradient=&#8221;on&#8221; background_color_gradient_start=&#8221;#15599a&#8221; background_color_gradient_end=&#8221;#26af9f&#8221; background_color_gradient_direction=&#8221;90deg&#8221; custom_padding=&#8221;30px||30px||false|false&#8221; animation_style=&#8221;fade&#8221; global_colors_info=&#8221;{}&#8221;][et_pb_row _builder_version=&#8221;4.8.2&#8243; _module_preset=&#8221;default&#8221; global_colors_info=&#8221;{}&#8221;][et_pb_column type=&#8221;4_4&#8243; _builder_version=&#8221;4.8.2&#8243; _module_preset=&#8221;default&#8221; global_colors_info=&#8221;{}&#8221;][et_pb_text _builder_version=&#8221;4.14.8&#8243; _module_preset=&#8221;default&#8221; text_font=&#8221;|600|||||||&#8221; text_text_color=&#8221;#FFFFFF&#8221; text_font_size=&#8221;15px&#8221; header_font=&#8221;|700|||||||&#8221; header_text_align=&#8221;center&#8221; header_text_color=&#8221;#FFFFFF&#8221; header_font_size=&#8221;40px&#8221; header_2_font=&#8221;|300|||||||&#8221; header_2_text_align=&#8221;center&#8221; header_2_text_color=&#8221;#FFFFFF&#8221; header_2_line_height=&#8221;1.2em&#8221; custom_margin=&#8221;||10px||false|false&#8221; global_colors_info=&#8221;{}&#8221;]<\/p>\n<h1>Leisure<\/h1>\n<h2>City Breaks \u2013 <strong>Tours<\/strong> \u2013 River Cruise Excursions \u2013 Special Interest Tourism<\/h2>\n<p>[\/et_pb_text][\/et_pb_column][\/et_pb_row][\/et_pb_section][et_pb_section fb_built=&#8221;1&#8243; _builder_version=&#8221;4.8.2&#8243; _module_preset=&#8221;default&#8221; background_enable_color=&#8221;off&#8221; custom_margin=&#8221;0px||0px||false|false&#8221; custom_padding=&#8221;0px||0px||false|false&#8221; border_color_bottom=&#8221;#15599a&#8221; global_colors_info=&#8221;{}&#8221;][et_pb_row use_custom_gutter=&#8221;on&#8221; gutter_width=&#8221;1&#8243; make_equal=&#8221;on&#8221; _builder_version=&#8221;4.8.2&#8243; _module_preset=&#8221;default&#8221; background_color=&#8221;#5e5e5e&#8221; width=&#8221;100%&#8221; custom_margin=&#8221;0px||0px||false|false&#8221; custom_padding=&#8221;0px||0px|0px|false|false&#8221; global_colors_info=&#8221;{}&#8221;][et_pb_column type=&#8221;4_4&#8243; _builder_version=&#8221;4.8.2&#8243; _module_preset=&#8221;default&#8221; background_enable_color=&#8221;off&#8221; use_background_color_gradient=&#8221;on&#8221; background_color_gradient_start=&#8221;rgba(0,0,0,0.29)&#8221; background_color_gradient_end=&#8221;rgba(0,0,0,0)&#8221; background_color_gradient_direction=&#8221;1deg&#8221; background_color_gradient_overlays_image=&#8221;on&#8221; background_image=&#8221;https:\/\/www.liberty-germany.com\/wp-content\/uploads\/2022\/02\/rundreisen-schwarzw-n.jpg&#8221; custom_padding=&#8221;180px||180px||false|false&#8221; border_color_bottom=&#8221;#15599a&#8221; global_colors_info=&#8221;{}&#8221;][et_pb_text _builder_version=&#8221;4.14.8&#8243; _module_preset=&#8221;default&#8221; text_font=&#8221;|600|||||||&#8221; text_text_color=&#8221;#FFFFFF&#8221; text_font_size=&#8221;20px&#8221; text_line_height=&#8221;3em&#8221; header_font=&#8221;|700|||||||&#8221; header_text_align=&#8221;center&#8221; header_text_color=&#8221;#FFFFFF&#8221; header_font_size=&#8221;50px&#8221; header_2_font=&#8221;|700|||||||&#8221; header_2_text_align=&#8221;center&#8221; header_2_text_color=&#8221;#FFFFFF&#8221; header_2_font_size=&#8221;30px&#8221; header_2_line_height=&#8221;1.5em&#8221; text_orientation=&#8221;center&#8221; max_width=&#8221;800px&#8221; module_alignment=&#8221;center&#8221; text_text_shadow_style=&#8221;preset5&#8243; header_2_text_shadow_style=&#8221;preset5&#8243; global_colors_info=&#8221;{}&#8221;]Schwarzwald<\/p>\n<h2>Spectacular Black Forest<\/h2>\n<p>[\/et_pb_text][et_pb_text _builder_version=&#8221;4.14.8&#8243; _module_preset=&#8221;default&#8221; text_font=&#8221;|600|||||||&#8221; text_text_color=&#8221;#FFFFFF&#8221; text_font_size=&#8221;16px&#8221; text_line_height=&#8221;1.8em&#8221; header_font=&#8221;|700|||||||&#8221; header_text_align=&#8221;center&#8221; header_text_color=&#8221;#FFFFFF&#8221; header_font_size=&#8221;50px&#8221; header_2_font=&#8221;|700|||||||&#8221; header_2_text_align=&#8221;center&#8221; header_2_text_color=&#8221;#FFFFFF&#8221; header_2_font_size=&#8221;30px&#8221; header_2_line_height=&#8221;1.5em&#8221; text_orientation=&#8221;center&#8221; max_width=&#8221;800px&#8221; module_alignment=&#8221;center&#8221; custom_margin=&#8221;50px||||false|false&#8221; custom_padding_tablet=&#8221;&#8221; custom_padding_phone=&#8221;|10px||10px|false|true&#8221; custom_padding_last_edited=&#8221;on|phone&#8221; text_text_shadow_style=&#8221;preset5&#8243; global_colors_info=&#8221;{}&#8221;]<strong>Program idea:<\/strong><br \/>\nThe Black Forest is the perfect destination for a holiday or short break. The region is so original and scenically diverse that every trip leaves a potpourri of magnificent memories. Highlights include an outing along the Black Forest High Road, to the Triberg Waterfalls or to Titisee lake. Popular trips include a journey on the Black Forest Railway, Germany\u2019s oldest mountain railway, or a day trip to the beautiful towns and villages such as St. Blasien, Furtwangen and Freiburg.[\/et_pb_text][\/et_pb_column][\/et_pb_row][\/et_pb_section][et_pb_section fb_built=&#8221;1&#8243; _builder_version=&#8221;4.8.2&#8243; _module_preset=&#8221;default&#8221; use_background_color_gradient=&#8221;on&#8221; background_color_gradient_start=&#8221;#15599a&#8221; background_color_gradient_end=&#8221;#26af9f&#8221; background_color_gradient_direction=&#8221;90deg&#8221; min_height=&#8221;40px&#8221; max_height=&#8221;80px&#8221; custom_padding=&#8221;0px||0px||false|false&#8221; animation_style=&#8221;fade&#8221; global_colors_info=&#8221;{}&#8221;][et_pb_row _builder_version=&#8221;4.8.2&#8243; _module_preset=&#8221;default&#8221; custom_margin=&#8221;0px||0px||false|false&#8221; custom_padding=&#8221;0px||0px||false|false&#8221; global_colors_info=&#8221;{}&#8221;][et_pb_column type=&#8221;4_4&#8243; _builder_version=&#8221;4.8.2&#8243; _module_preset=&#8221;default&#8221; custom_padding=&#8221;0px||0px||false|false&#8221; global_colors_info=&#8221;{}&#8221;][\/et_pb_column][\/et_pb_row][\/et_pb_section][et_pb_section fb_built=&#8221;1&#8243; _builder_version=&#8221;4.8.2&#8243; _module_preset=&#8221;default&#8221; background_enable_color=&#8221;off&#8221; custom_margin=&#8221;0px||0px||false|false&#8221; custom_padding=&#8221;0px||0px||false|false&#8221; border_color_bottom=&#8221;#15599a&#8221; global_colors_info=&#8221;{}&#8221;][et_pb_row use_custom_gutter=&#8221;on&#8221; gutter_width=&#8221;1&#8243; make_equal=&#8221;on&#8221; _builder_version=&#8221;4.8.2&#8243; _module_preset=&#8221;default&#8221; background_color=&#8221;#5e5e5e&#8221; width=&#8221;100%&#8221; custom_margin=&#8221;0px||0px||false|false&#8221; custom_padding=&#8221;0px||0px|0px|false|false&#8221; global_colors_info=&#8221;{}&#8221;][et_pb_column type=&#8221;4_4&#8243; _builder_version=&#8221;4.8.2&#8243; _module_preset=&#8221;default&#8221; background_enable_color=&#8221;off&#8221; use_background_color_gradient=&#8221;on&#8221; background_color_gradient_start=&#8221;rgba(0,0,0,0.22)&#8221; background_color_gradient_end=&#8221;rgba(0,0,0,0)&#8221; background_color_gradient_direction=&#8221;1deg&#8221; background_color_gradient_overlays_image=&#8221;on&#8221; background_image=&#8221;https:\/\/www.liberty-germany.com\/wp-content\/uploads\/2022\/02\/rundreisen-harz.jpg&#8221; background_position=&#8221;top_center&#8221; custom_padding=&#8221;180px||180px||false|false&#8221; global_colors_info=&#8221;{}&#8221;][et_pb_text _builder_version=&#8221;4.14.8&#8243; _module_preset=&#8221;default&#8221; text_font=&#8221;|600|||||||&#8221; text_text_color=&#8221;#FFFFFF&#8221; text_font_size=&#8221;20px&#8221; text_line_height=&#8221;3em&#8221; header_font=&#8221;|700|||||||&#8221; header_text_align=&#8221;center&#8221; header_text_color=&#8221;#FFFFFF&#8221; header_font_size=&#8221;50px&#8221; header_2_font=&#8221;|700|||||||&#8221; header_2_text_align=&#8221;center&#8221; header_2_text_color=&#8221;#FFFFFF&#8221; header_2_font_size=&#8221;30px&#8221; header_2_line_height=&#8221;1.5em&#8221; text_orientation=&#8221;center&#8221; max_width=&#8221;800px&#8221; module_alignment=&#8221;center&#8221; text_text_shadow_style=&#8221;preset5&#8243; text_text_shadow_horizontal_length=&#8221;0.09em&#8221; text_text_shadow_vertical_length=&#8221;0.09em&#8221; text_text_shadow_color=&#8221;#000000&#8243; header_2_text_shadow_style=&#8221;preset5&#8243; header_2_text_shadow_horizontal_length=&#8221;0.09em&#8221; header_2_text_shadow_blur_strength=&#8221;0.01em&#8221; header_2_text_shadow_color=&#8221;#000000&#8243; global_colors_info=&#8221;{}&#8221;]Harz<\/p>\n<h2>A magical mountain world<\/h2>\n<p>[\/et_pb_text][et_pb_text _builder_version=&#8221;4.14.8&#8243; _module_preset=&#8221;default&#8221; text_font=&#8221;|600|||||||&#8221; text_text_color=&#8221;#FFFFFF&#8221; text_font_size=&#8221;16px&#8221; text_line_height=&#8221;1.8em&#8221; header_font=&#8221;|700|||||||&#8221; header_text_align=&#8221;center&#8221; header_text_color=&#8221;#FFFFFF&#8221; header_font_size=&#8221;50px&#8221; header_2_font=&#8221;|700|||||||&#8221; header_2_text_align=&#8221;center&#8221; header_2_text_color=&#8221;#FFFFFF&#8221; header_2_font_size=&#8221;30px&#8221; header_2_line_height=&#8221;1.5em&#8221; text_orientation=&#8221;center&#8221; max_width=&#8221;800px&#8221; module_alignment=&#8221;center&#8221; custom_margin=&#8221;50px||||false|false&#8221; custom_padding_tablet=&#8221;&#8221; custom_padding_phone=&#8221;|10px||10px|false|true&#8221; custom_padding_last_edited=&#8221;on|phone&#8221; text_text_shadow_style=&#8221;preset5&#8243; text_text_shadow_horizontal_length=&#8221;0.1em&#8221; text_text_shadow_vertical_length=&#8221;0.1em&#8221; text_text_shadow_color=&#8221;#000000&#8243; global_colors_info=&#8221;{}&#8221;]<strong>Program idea:<\/strong><br \/>\nThe Harz has the highest elevation of northern Germany\u2019s low mountain range &#8211; small rivers, breathtaking granite cliffs, mystical moors and unique fauna and flora guarantee exciting natural experiences. The Harz is home to an incredible amount of extraordinary cultural highlights, from UNESCO World Heritage Sites and magnificent cathedral treasures to impressive palaces, gardens and stalactite caves. We\u2019ll show you how best to combine these.[\/et_pb_text][\/et_pb_column][\/et_pb_row][\/et_pb_section][et_pb_section fb_built=&#8221;1&#8243; _builder_version=&#8221;4.8.2&#8243; _module_preset=&#8221;default&#8221; use_background_color_gradient=&#8221;on&#8221; background_color_gradient_start=&#8221;#15599a&#8221; background_color_gradient_end=&#8221;#26af9f&#8221; background_color_gradient_direction=&#8221;90deg&#8221; min_height=&#8221;40px&#8221; max_height=&#8221;80px&#8221; custom_padding=&#8221;0px||0px||false|false&#8221; animation_style=&#8221;fade&#8221; global_colors_info=&#8221;{}&#8221;][et_pb_row _builder_version=&#8221;4.8.2&#8243; _module_preset=&#8221;default&#8221; custom_margin=&#8221;0px||0px||false|false&#8221; custom_padding=&#8221;0px||0px||false|false&#8221; global_colors_info=&#8221;{}&#8221;][et_pb_column type=&#8221;4_4&#8243; _builder_version=&#8221;4.8.2&#8243; _module_preset=&#8221;default&#8221; custom_padding=&#8221;0px||0px||false|false&#8221; global_colors_info=&#8221;{}&#8221;][\/et_pb_column][\/et_pb_row][\/et_pb_section]<\/p>\n","protected":false},"excerpt":{"rendered":"<p>Leisure City Breaks \u2013 Tours \u2013 River Cruise Excursions \u2013 Special Interest TourismSchwarzwald Spectacular Black ForestProgram idea: The Black Forest is the perfect destination for a holiday or short break. The region is so original and scenically diverse that every trip leaves a potpourri of magnificent memories. Highlights include an outing along the Black Forest [&hellip;]<\/p>\n","protected":false},"author":1,"featured_media":0,"parent":1002,"menu_order":0,"comment_status":"closed","ping_status":"closed","template":"","meta":{"_et_pb_use_builder":"on","_et_pb_old_content":"","_et_gb_content_width":"","footnotes":""},"class_list":["post-1020","page","type-page","status-publish","hentry"],"yoast_head":"<!-- This site is optimized with the Yoast SEO plugin v27.3 - https:\/\/yoast.com\/product\/yoast-seo-wordpress\/ -->\n<title>Rundreisen :: Liberty Germany - Destination Management Company<\/title>\n<meta name=\"description\" content=\"Die Region ist so urspr\u00fcnglich und landschaftlich abwechslungsreich, dass jede Rundreise ein Potpourri an herrlichen Eindr\u00fccken zur\u00fcckl\u00e4sst.\" \/>\n<meta name=\"robots\" content=\"index, follow, max-snippet:-1, max-image-preview:large, max-video-preview:-1\" \/>\n<link rel=\"canonical\" href=\"https:\/\/www.liberty-germany.com\/en\/leisure\/tours\/\" \/>\n<meta property=\"og:locale\" content=\"en_US\" \/>\n<meta property=\"og:type\" content=\"article\" \/>\n<meta property=\"og:title\" content=\"Rundreisen :: Liberty Germany - Destination Management Company\" \/>\n<meta property=\"og:description\" content=\"Die Region ist so urspr\u00fcnglich und landschaftlich abwechslungsreich, dass jede Rundreise ein Potpourri an herrlichen Eindr\u00fccken zur\u00fcckl\u00e4sst.\" \/>\n<meta property=\"og:url\" content=\"https:\/\/www.liberty-germany.com\/en\/leisure\/tours\/\" \/>\n<meta property=\"og:site_name\" content=\"Liberty Germany\" \/>\n<meta property=\"article:modified_time\" content=\"2022-03-18T08:36:45+00:00\" \/>\n<meta name=\"twitter:card\" content=\"summary_large_image\" \/>\n<meta name=\"twitter:label1\" content=\"Est. reading time\" \/>\n\t<meta name=\"twitter:data1\" content=\"6 minutes\" \/>\n<script type=\"application\/ld+json\" class=\"yoast-schema-graph\">{\"@context\":\"https:\\\/\\\/schema.org\",\"@graph\":[{\"@type\":\"WebPage\",\"@id\":\"https:\\\/\\\/www.liberty-germany.com\\\/en\\\/leisure\\\/tours\\\/\",\"url\":\"https:\\\/\\\/www.liberty-germany.com\\\/en\\\/leisure\\\/tours\\\/\",\"name\":\"Rundreisen :: Liberty Germany - Destination Management Company\",\"isPartOf\":{\"@id\":\"https:\\\/\\\/www.liberty-germany.com\\\/#website\"},\"datePublished\":\"2022-01-28T09:03:02+00:00\",\"dateModified\":\"2022-03-18T08:36:45+00:00\",\"description\":\"Die Region ist so urspr\u00fcnglich und landschaftlich abwechslungsreich, dass jede Rundreise ein Potpourri an herrlichen Eindr\u00fccken zur\u00fcckl\u00e4sst.\",\"breadcrumb\":{\"@id\":\"https:\\\/\\\/www.liberty-germany.com\\\/en\\\/leisure\\\/tours\\\/#breadcrumb\"},\"inLanguage\":\"en-US\",\"potentialAction\":[{\"@type\":\"ReadAction\",\"target\":[\"https:\\\/\\\/www.liberty-germany.com\\\/en\\\/leisure\\\/tours\\\/\"]}]},{\"@type\":\"BreadcrumbList\",\"@id\":\"https:\\\/\\\/www.liberty-germany.com\\\/en\\\/leisure\\\/tours\\\/#breadcrumb\",\"itemListElement\":[{\"@type\":\"ListItem\",\"position\":1,\"name\":\"Startseite\",\"item\":\"https:\\\/\\\/www.liberty-germany.com\\\/en\\\/\"},{\"@type\":\"ListItem\",\"position\":2,\"name\":\"Leisure\",\"item\":\"https:\\\/\\\/www.liberty-germany.com\\\/en\\\/leisure\\\/\"},{\"@type\":\"ListItem\",\"position\":3,\"name\":\"Tours\"}]},{\"@type\":\"WebSite\",\"@id\":\"https:\\\/\\\/www.liberty-germany.com\\\/#website\",\"url\":\"https:\\\/\\\/www.liberty-germany.com\\\/\",\"name\":\"Liberty Germany\",\"description\":\"a personal touch worldwide.\",\"potentialAction\":[{\"@type\":\"SearchAction\",\"target\":{\"@type\":\"EntryPoint\",\"urlTemplate\":\"https:\\\/\\\/www.liberty-germany.com\\\/?s={search_term_string}\"},\"query-input\":{\"@type\":\"PropertyValueSpecification\",\"valueRequired\":true,\"valueName\":\"search_term_string\"}}],\"inLanguage\":\"en-US\"}]}<\/script>\n<!-- \/ Yoast SEO plugin. -->","yoast_head_json":{"title":"Rundreisen :: Liberty Germany - Destination Management Company","description":"Die Region ist so urspr\u00fcnglich und landschaftlich abwechslungsreich, dass jede Rundreise ein Potpourri an herrlichen Eindr\u00fccken zur\u00fcckl\u00e4sst.","robots":{"index":"index","follow":"follow","max-snippet":"max-snippet:-1","max-image-preview":"max-image-preview:large","max-video-preview":"max-video-preview:-1"},"canonical":"https:\/\/www.liberty-germany.com\/en\/leisure\/tours\/","og_locale":"en_US","og_type":"article","og_title":"Rundreisen :: Liberty Germany - Destination Management Company","og_description":"Die Region ist so urspr\u00fcnglich und landschaftlich abwechslungsreich, dass jede Rundreise ein Potpourri an herrlichen Eindr\u00fccken zur\u00fcckl\u00e4sst.","og_url":"https:\/\/www.liberty-germany.com\/en\/leisure\/tours\/","og_site_name":"Liberty Germany","article_modified_time":"2022-03-18T08:36:45+00:00","twitter_card":"summary_large_image","twitter_misc":{"Est. reading time":"6 minutes"},"schema":{"@context":"https:\/\/schema.org","@graph":[{"@type":"WebPage","@id":"https:\/\/www.liberty-germany.com\/en\/leisure\/tours\/","url":"https:\/\/www.liberty-germany.com\/en\/leisure\/tours\/","name":"Rundreisen :: Liberty Germany - Destination Management Company","isPartOf":{"@id":"https:\/\/www.liberty-germany.com\/#website"},"datePublished":"2022-01-28T09:03:02+00:00","dateModified":"2022-03-18T08:36:45+00:00","description":"Die Region ist so urspr\u00fcnglich und landschaftlich abwechslungsreich, dass jede Rundreise ein Potpourri an herrlichen Eindr\u00fccken zur\u00fcckl\u00e4sst.","breadcrumb":{"@id":"https:\/\/www.liberty-germany.com\/en\/leisure\/tours\/#breadcrumb"},"inLanguage":"en-US","potentialAction":[{"@type":"ReadAction","target":["https:\/\/www.liberty-germany.com\/en\/leisure\/tours\/"]}]},{"@type":"BreadcrumbList","@id":"https:\/\/www.liberty-germany.com\/en\/leisure\/tours\/#breadcrumb","itemListElement":[{"@type":"ListItem","position":1,"name":"Startseite","item":"https:\/\/www.liberty-germany.com\/en\/"},{"@type":"ListItem","position":2,"name":"Leisure","item":"https:\/\/www.liberty-germany.com\/en\/leisure\/"},{"@type":"ListItem","position":3,"name":"Tours"}]},{"@type":"WebSite","@id":"https:\/\/www.liberty-germany.com\/#website","url":"https:\/\/www.liberty-germany.com\/","name":"Liberty Germany","description":"a personal touch worldwide.","potentialAction":[{"@type":"SearchAction","target":{"@type":"EntryPoint","urlTemplate":"https:\/\/www.liberty-germany.com\/?s={search_term_string}"},"query-input":{"@type":"PropertyValueSpecification","valueRequired":true,"valueName":"search_term_string"}}],"inLanguage":"en-US"}]}},"_links":{"self":[{"href":"https:\/\/www.liberty-germany.com\/en\/wp-json\/wp\/v2\/pages\/1020","targetHints":{"allow":["GET"]}}],"collection":[{"href":"https:\/\/www.liberty-germany.com\/en\/wp-json\/wp\/v2\/pages"}],"about":[{"href":"https:\/\/www.liberty-germany.com\/en\/wp-json\/wp\/v2\/types\/page"}],"author":[{"embeddable":true,"href":"https:\/\/www.liberty-germany.com\/en\/wp-json\/wp\/v2\/users\/1"}],"replies":[{"embeddable":true,"href":"https:\/\/www.liberty-germany.com\/en\/wp-json\/wp\/v2\/comments?post=1020"}],"version-history":[{"count":6,"href":"https:\/\/www.liberty-germany.com\/en\/wp-json\/wp\/v2\/pages\/1020\/revisions"}],"predecessor-version":[{"id":1112,"href":"https:\/\/www.liberty-germany.com\/en\/wp-json\/wp\/v2\/pages\/1020\/revisions\/1112"}],"up":[{"embeddable":true,"href":"https:\/\/www.liberty-germany.com\/en\/wp-json\/wp\/v2\/pages\/1002"}],"wp:attachment":[{"href":"https:\/\/www.liberty-germany.com\/en\/wp-json\/wp\/v2\/media?parent=1020"}],"curies":[{"name":"wp","href":"https:\/\/api.w.org\/{rel}","templated":true}]}}